{"id":3,"date":"2024-03-22T14:51:43","date_gmt":"2024-03-22T13:51:43","guid":{"rendered":"http:\/\/fabretj.cluster030.hosting.ovh.net\/?page_id=3"},"modified":"2024-04-02T14:02:57","modified_gmt":"2024-04-02T12:02:57","slug":"politique-de-confidentialite-fabre-et-fils","status":"publish","type":"page","link":"https:\/\/www.fabretfils.fr\/index.php\/politique-de-confidentialite-fabre-et-fils\/","title":{"rendered":"Politique de confidentialit\u00e9"},"content":{"rendered":"\n<h2 class=\"wp-block-heading\">Qui sommes-nous&nbsp;?<\/h2>\n\n\n\n<p><strong class=\"privacy-policy-tutorial\"> <\/strong>L\u2019adresse de notre site est\u00a0: <a href=\"https:\/\/www.fabretfils.fr\/\">https:\/\/www.fabretfils.fr<\/a><\/p>\n\n\n\n<h2 class=\"wp-block-heading\">M\u00e9dias<\/h2>\n\n\n\n<p>Si vous t\u00e9l\u00e9versez des images sur le site, nous vous conseillons d\u2019\u00e9viter de t\u00e9l\u00e9verser des images contenant des donn\u00e9es EXIF de coordonn\u00e9es GPS. Les personnes visitant votre site peuvent t\u00e9l\u00e9charger et extraire des donn\u00e9es de localisation depuis ces images.<\/p>\n\n\n\n<h2 class=\"wp-block-heading\">Cookies<\/h2>\n\n\n\n<p>Si vous remplissez un de nos formulaires de contact sur notre site, il vous sera propos\u00e9 d\u2019enregistrer votre nom, adresse e-mail et num\u00e9ro de t\u00e9l\u00e9phone dans des cookies. C\u2019est uniquement pour votre confort afin de ne pas avoir \u00e0 saisir ces informations si vous d\u00e9posez une autre demande plus tard. Ces cookies expirent au bout d\u2019un an.<\/p>\n\n\n\n<p>Un cookie temporaire sera cr\u00e9\u00e9 afin de d\u00e9terminer si votre navigateur accepte les cookies. Il ne contient pas de donn\u00e9es personnelles et sera supprim\u00e9 automatiquement \u00e0 la fermeture de votre navigateur.<\/p>\n\n\n\n<p>Lorsque vous vous connecterez, nous mettrons en place un certain nombre de cookies pour enregistrer vos informations de connexion et vos pr\u00e9f\u00e9rences d\u2019\u00e9cran. La dur\u00e9e de vie d\u2019un cookie de connexion est de deux jours, celle d\u2019un cookie d\u2019option d\u2019\u00e9cran est d\u2019un an. Si vous cochez \u00ab\u00a0Se souvenir de moi\u00a0\u00bb, votre cookie de connexion sera conserv\u00e9 pendant deux semaines. Si vous vous d\u00e9connectez de votre compte, le cookie de connexion sera effac\u00e9.<\/p>\n\n\n\n<h2 class=\"wp-block-heading\">Dur\u00e9es de stockage de vos donn\u00e9es<\/h2>\n\n\n\n<p>Si vous laissez remplissez un de nos formulaire, ses m\u00e9tadonn\u00e9es seront conserv\u00e9s comme expliqu\u00e9 plus haut. <\/p>\n\n\n\n<h2 class=\"wp-block-heading\">Les droits que vous avez sur vos donn\u00e9es<\/h2>\n\n\n\n<p>Si vous avez rempli un de nos formulaires de contact sur le site, vous pouvez demander \u00e0 recevoir un fichier contenant toutes les donn\u00e9es personnelles que nous poss\u00e9dons \u00e0 votre sujet, incluant celles que vous nous avez fournies. Vous pouvez \u00e9galement demander la suppression des donn\u00e9es personnelles vous concernant. Cela ne prend pas en compte les donn\u00e9es stock\u00e9es \u00e0 des fins administratives, l\u00e9gales ou pour des raisons de s\u00e9curit\u00e9.<\/p>\n","protected":false},"excerpt":{"rendered":"<p>Qui sommes-nous&nbsp;? L\u2019adresse de notre site est\u00a0: https:\/\/www.fabretfils.fr M\u00e9dias Si vous t\u00e9l\u00e9versez des images sur le site, nous vous conseillons d\u2019\u00e9viter de t\u00e9l\u00e9verser des images contenant des donn\u00e9es EXIF de coordonn\u00e9es GPS. Les personnes visitant votre site peuvent t\u00e9l\u00e9charger et extraire des donn\u00e9es de localisation depuis ces images. Cookies Si vous remplissez un de nos&#8230;<\/p>\n","protected":false},"author":1,"featured_media":0,"parent":0,"menu_order":0,"comment_status":"closed","ping_status":"open","template":"","meta":{"_kadence_starter_templates_imported_post":false,"_kad_post_transparent":"","_kad_post_title":"","_kad_post_layout":"","_kad_post_sidebar_id":"","_kad_post_content_style":"","_kad_post_vertical_padding":"","_kad_post_feature":"","_kad_post_feature_position":"","_kad_post_header":false,"_kad_post_footer":false,"footnotes":""},"class_list":["post-3","page","type-page","status-publish","hentry"],"yoast_head":"<!-- This site is optimized with the Yoast SEO plugin v23.0 - https:\/\/yoast.com\/wordpress\/plugins\/seo\/ -->\n<title>Politique de confidentialit\u00e9 - Fabre et fils<\/title>\n<meta name=\"description\" content=\"Politique de confidentialit\u00e9 de nos internautes en naviguant sur notre site web.\" \/>\n<meta name=\"robots\" content=\"index, follow, max-snippet:-1, max-image-preview:large, max-video-preview:-1\" \/>\n<link rel=\"canonical\" href=\"https:\/\/www.fabretfils.fr\/index.php\/politique-de-confidentialite-fabre-et-fils\/\" \/>\n<meta property=\"og:locale\" content=\"fr_FR\" \/>\n<meta property=\"og:type\" content=\"article\" \/>\n<meta property=\"og:title\" content=\"Politique de confidentialit\u00e9 - Fabre et fils\" \/>\n<meta property=\"og:description\" content=\"Politique de confidentialit\u00e9 de nos internautes en naviguant sur notre site web.\" \/>\n<meta property=\"og:url\" content=\"https:\/\/www.fabretfils.fr\/index.php\/politique-de-confidentialite-fabre-et-fils\/\" \/>\n<meta property=\"og:site_name\" content=\"Fabre et fils\" \/>\n<meta property=\"article:modified_time\" content=\"2024-04-02T12:02:57+00:00\" \/>\n<meta name=\"twitter:card\" content=\"summary_large_image\" \/>\n<meta name=\"twitter:label1\" content=\"Dur\u00e9e de lecture estim\u00e9e\" \/>\n\t<meta name=\"twitter:data1\" content=\"2 minutes\" \/>\n<script type=\"application\/ld+json\" class=\"yoast-schema-graph\">{\"@context\":\"https:\/\/schema.org\",\"@graph\":[{\"@type\":\"WebPage\",\"@id\":\"https:\/\/www.fabretfils.fr\/index.php\/politique-de-confidentialite-fabre-et-fils\/\",\"url\":\"https:\/\/www.fabretfils.fr\/index.php\/politique-de-confidentialite-fabre-et-fils\/\",\"name\":\"Politique de confidentialit\u00e9 - Fabre et fils\",\"isPartOf\":{\"@id\":\"https:\/\/www.fabretfils.fr\/#website\"},\"datePublished\":\"2024-03-22T13:51:43+00:00\",\"dateModified\":\"2024-04-02T12:02:57+00:00\",\"description\":\"Politique de confidentialit\u00e9 de nos internautes en naviguant sur notre site web.\",\"breadcrumb\":{\"@id\":\"https:\/\/www.fabretfils.fr\/index.php\/politique-de-confidentialite-fabre-et-fils\/#breadcrumb\"},\"inLanguage\":\"fr-FR\",\"potentialAction\":[{\"@type\":\"ReadAction\",\"target\":[\"https:\/\/www.fabretfils.fr\/index.php\/politique-de-confidentialite-fabre-et-fils\/\"]}]},{\"@type\":\"BreadcrumbList\",\"@id\":\"https:\/\/www.fabretfils.fr\/index.php\/politique-de-confidentialite-fabre-et-fils\/#breadcrumb\",\"itemListElement\":[{\"@type\":\"ListItem\",\"position\":1,\"name\":\"Accueil\",\"item\":\"https:\/\/www.fabretfils.fr\/\"},{\"@type\":\"ListItem\",\"position\":2,\"name\":\"Politique de confidentialit\u00e9\"}]},{\"@type\":\"WebSite\",\"@id\":\"https:\/\/www.fabretfils.fr\/#website\",\"url\":\"https:\/\/www.fabretfils.fr\/\",\"name\":\"Fabre et fils\",\"description\":\"Plombier d\u00e9pannage rapide 24\/7 Toulouse\",\"publisher\":{\"@id\":\"https:\/\/www.fabretfils.fr\/#organization\"},\"potentialAction\":[{\"@type\":\"SearchAction\",\"target\":{\"@type\":\"EntryPoint\",\"urlTemplate\":\"https:\/\/www.fabretfils.fr\/?s={search_term_string}\"},\"query-input\":\"required name=search_term_string\"}],\"inLanguage\":\"fr-FR\"},{\"@type\":\"Organization\",\"@id\":\"https:\/\/www.fabretfils.fr\/#organization\",\"name\":\"Fabre et fils\",\"url\":\"https:\/\/www.fabretfils.fr\/\",\"logo\":{\"@type\":\"ImageObject\",\"inLanguage\":\"fr-FR\",\"@id\":\"https:\/\/www.fabretfils.fr\/#\/schema\/logo\/image\/\",\"url\":\"https:\/\/www.fabretfils.fr\/wp-content\/uploads\/2024\/03\/cropped-cropped-cropped-cropped-cropped-cropped-frabre-et-fils-logo-transparent-1.png\",\"contentUrl\":\"https:\/\/www.fabretfils.fr\/wp-content\/uploads\/2024\/03\/cropped-cropped-cropped-cropped-cropped-cropped-frabre-et-fils-logo-transparent-1.png\",\"width\":495,\"height\":198,\"caption\":\"Fabre et fils\"},\"image\":{\"@id\":\"https:\/\/www.fabretfils.fr\/#\/schema\/logo\/image\/\"}}]}<\/script>\n<!-- \/ Yoast SEO plugin. -->","yoast_head_json":{"title":"Politique de confidentialit\u00e9 - Fabre et fils","description":"Politique de confidentialit\u00e9 de nos internautes en naviguant sur notre site web.","robots":{"index":"index","follow":"follow","max-snippet":"max-snippet:-1","max-image-preview":"max-image-preview:large","max-video-preview":"max-video-preview:-1"},"canonical":"https:\/\/www.fabretfils.fr\/index.php\/politique-de-confidentialite-fabre-et-fils\/","og_locale":"fr_FR","og_type":"article","og_title":"Politique de confidentialit\u00e9 - Fabre et fils","og_description":"Politique de confidentialit\u00e9 de nos internautes en naviguant sur notre site web.","og_url":"https:\/\/www.fabretfils.fr\/index.php\/politique-de-confidentialite-fabre-et-fils\/","og_site_name":"Fabre et fils","article_modified_time":"2024-04-02T12:02:57+00:00","twitter_card":"summary_large_image","twitter_misc":{"Dur\u00e9e de lecture estim\u00e9e":"2 minutes"},"schema":{"@context":"https:\/\/schema.org","@graph":[{"@type":"WebPage","@id":"https:\/\/www.fabretfils.fr\/index.php\/politique-de-confidentialite-fabre-et-fils\/","url":"https:\/\/www.fabretfils.fr\/index.php\/politique-de-confidentialite-fabre-et-fils\/","name":"Politique de confidentialit\u00e9 - Fabre et fils","isPartOf":{"@id":"https:\/\/www.fabretfils.fr\/#website"},"datePublished":"2024-03-22T13:51:43+00:00","dateModified":"2024-04-02T12:02:57+00:00","description":"Politique de confidentialit\u00e9 de nos internautes en naviguant sur notre site web.","breadcrumb":{"@id":"https:\/\/www.fabretfils.fr\/index.php\/politique-de-confidentialite-fabre-et-fils\/#breadcrumb"},"inLanguage":"fr-FR","potentialAction":[{"@type":"ReadAction","target":["https:\/\/www.fabretfils.fr\/index.php\/politique-de-confidentialite-fabre-et-fils\/"]}]},{"@type":"BreadcrumbList","@id":"https:\/\/www.fabretfils.fr\/index.php\/politique-de-confidentialite-fabre-et-fils\/#breadcrumb","itemListElement":[{"@type":"ListItem","position":1,"name":"Accueil","item":"https:\/\/www.fabretfils.fr\/"},{"@type":"ListItem","position":2,"name":"Politique de confidentialit\u00e9"}]},{"@type":"WebSite","@id":"https:\/\/www.fabretfils.fr\/#website","url":"https:\/\/www.fabretfils.fr\/","name":"Fabre et fils","description":"Plombier d\u00e9pannage rapide 24\/7 Toulouse","publisher":{"@id":"https:\/\/www.fabretfils.fr\/#organization"},"potentialAction":[{"@type":"SearchAction","target":{"@type":"EntryPoint","urlTemplate":"https:\/\/www.fabretfils.fr\/?s={search_term_string}"},"query-input":"required name=search_term_string"}],"inLanguage":"fr-FR"},{"@type":"Organization","@id":"https:\/\/www.fabretfils.fr\/#organization","name":"Fabre et fils","url":"https:\/\/www.fabretfils.fr\/","logo":{"@type":"ImageObject","inLanguage":"fr-FR","@id":"https:\/\/www.fabretfils.fr\/#\/schema\/logo\/image\/","url":"https:\/\/www.fabretfils.fr\/wp-content\/uploads\/2024\/03\/cropped-cropped-cropped-cropped-cropped-cropped-frabre-et-fils-logo-transparent-1.png","contentUrl":"https:\/\/www.fabretfils.fr\/wp-content\/uploads\/2024\/03\/cropped-cropped-cropped-cropped-cropped-cropped-frabre-et-fils-logo-transparent-1.png","width":495,"height":198,"caption":"Fabre et fils"},"image":{"@id":"https:\/\/www.fabretfils.fr\/#\/schema\/logo\/image\/"}}]}},"_links":{"self":[{"href":"https:\/\/www.fabretfils.fr\/index.php\/wp-json\/wp\/v2\/pages\/3","targetHints":{"allow":["GET"]}}],"collection":[{"href":"https:\/\/www.fabretfils.fr\/index.php\/wp-json\/wp\/v2\/pages"}],"about":[{"href":"https:\/\/www.fabretfils.fr\/index.php\/wp-json\/wp\/v2\/types\/page"}],"author":[{"embeddable":true,"href":"https:\/\/www.fabretfils.fr\/index.php\/wp-json\/wp\/v2\/users\/1"}],"replies":[{"embeddable":true,"href":"https:\/\/www.fabretfils.fr\/index.php\/wp-json\/wp\/v2\/comments?post=3"}],"version-history":[{"count":2,"href":"https:\/\/www.fabretfils.fr\/index.php\/wp-json\/wp\/v2\/pages\/3\/revisions"}],"predecessor-version":[{"id":1437,"href":"https:\/\/www.fabretfils.fr\/index.php\/wp-json\/wp\/v2\/pages\/3\/revisions\/1437"}],"wp:attachment":[{"href":"https:\/\/www.fabretfils.fr\/index.php\/wp-json\/wp\/v2\/media?parent=3"}],"curies":[{"name":"wp","href":"https:\/\/api.w.org\/{rel}","templated":true}]}}